{"id":59,"date":"2019-01-08T13:19:40","date_gmt":"2019-01-08T13:19:40","guid":{"rendered":"http:\/\/intrinsic.softhopper.net\/?page_id=59"},"modified":"2021-01-15T11:20:23","modified_gmt":"2021-01-15T14:20:23","slug":"blog","status":"publish","type":"page","link":"https:\/\/guguquilombola.com\/en\/blog\/","title":{"rendered":"Blog"},"content":{"rendered":"<h2>BLOG<\/h2>\n<p><!--  \/.title-counter --><\/p>\n<h2>\u00daltimas Not\u00edcias e Novidades<\/h2>\n<p><!-- \/.title-main --><br \/>\n<!--  \/.title-border --><br \/>\n<!-- Content Row --><\/p>\n<article>\n<figure>\n\t\t                    \tjan 8, 2019<!--  \/.entry-date --><br \/>\n<a href=\"https:\/\/guguquilombola.com\/en\/capoeira\/ieeei-intercambio-intercultural-educacional-e-esportivo-ie\/\" target=\"_blank\" rel=\"noopener noreferrer nofollow\"><br \/>\n<img decoding=\"async\" src=\"https:\/\/guguquilombola.com\/wp-content\/uploads\/2019\/01\/28516653_1591117287667926_89546804179763747_o-350x332.jpg\" alt=\"IEEEI \u2013 Interc\u00e2mbio Intercultural Educacional e Esportivo I\u00ea\" title=\" 28516653_1591117287667926_89546804179763747_o \"><br \/>\n<\/a><\/figure>\n<p><!-- \/.post-thumb --><\/p>\n<h2><a href=\"https:\/\/guguquilombola.com\/en\/capoeira\/ieeei-intercambio-intercultural-educacional-e-esportivo-ie\/\" rel=\"bookmark\" target=\"_blank\">IEEEI \u2013 Interc\u00e2mbio Intercultural Educacional e Esportivo I\u00ea<\/a><\/h2>\n<p><a href=\"https:\/\/guguquilombola.com\/en\/category\/capoeira\/\" rel=\"category tag\" target=\"_blank\">Capoeira<\/a>, <a href=\"https:\/\/guguquilombola.com\/en\/category\/eventos\/\" rel=\"category tag\" target=\"_blank\">Eventos<\/a>\t\t                    <!--  \/.entry-cat --><br \/>\n<!--  \/.post-detail --><br \/>\n<\/article>\n<p><!--  \/.post --><br \/>\n<!--  \/.post-item --><br \/>\n<!--  \/.col-md-4 --><\/p>\n<article>\n<figure>\n\t\t                    \tjan 8, 2019<!--  \/.entry-date --><br \/>\n<a href=\"https:\/\/guguquilombola.com\/en\/geral\/its-better-to-remain-unseen\/\" target=\"_blank\" rel=\"noopener noreferrer nofollow\"><br \/>\n<img decoding=\"async\" src=\"https:\/\/guguquilombola.com\/wp-content\/uploads\/2019\/11\/arthur-fiu-e-gugu-red-bull-paranaue-2018-350x332.jpg\" alt=\"Baiana e \u201cpaulista-alem\u00e3o\u201d s\u00e3o campe\u00f5es do Red Bull Paranau\u00ea 2018\" title=\" arthur-fiu-e-gugu-red-bull-paranaue-2018 \"><br \/>\n<\/a><\/figure>\n<p><!-- \/.post-thumb --><\/p>\n<h2><a href=\"https:\/\/guguquilombola.com\/en\/geral\/its-better-to-remain-unseen\/\" rel=\"bookmark\" target=\"_blank\">Baiana e \u201cpaulista-alem\u00e3o\u201d s\u00e3o campe\u00f5es do Red Bull Paranau\u00ea 2018<\/a><\/h2>\n<p><a href=\"https:\/\/guguquilombola.com\/en\/category\/geral\/\" rel=\"category tag\" target=\"_blank\">Geral<\/a>, <a href=\"https:\/\/guguquilombola.com\/en\/category\/noticias\/\" rel=\"category tag\" target=\"_blank\">Not\u00edcias<\/a>\t\t                    <!--  \/.entry-cat --><br \/>\n<!--  \/.post-detail --><br \/>\n<\/article>\n<p><!--  \/.post --><br \/>\n<!--  \/.post-item --><br \/>\n<!--  \/.col-md-4 --><\/p>\n<article>\n<figure>\n\t\t                    \tjan 8, 2019<!--  \/.entry-date --><br \/>\n<a href=\"https:\/\/guguquilombola.com\/en\/geral\/finding-the-right-model-for-a-job\/\" target=\"_blank\" rel=\"noopener noreferrer nofollow\"><br \/>\n<img decoding=\"async\" src=\"https:\/\/guguquilombola.com\/wp-content\/uploads\/2019\/11\/gugu-quilombola-2-350x332.jpg\" alt=\"\u201cENTREVISTA COM CAF\u00c9\u201d Gugu Quilombola\" title=\" gugu-quilombola-2 \"><br \/>\n<\/a><\/figure>\n<p><!-- \/.post-thumb --><\/p>\n<h2><a href=\"https:\/\/guguquilombola.com\/en\/geral\/finding-the-right-model-for-a-job\/\" rel=\"bookmark\" target=\"_blank\">\u201cENTREVISTA COM CAF\u00c9\u201d Gugu Quilombola<\/a><\/h2>\n<p><a href=\"https:\/\/guguquilombola.com\/en\/category\/geral\/\" rel=\"category tag\" target=\"_blank\">Geral<\/a>\t\t                    <!--  \/.entry-cat --><br \/>\n<!--  \/.post-detail --><br \/>\n<\/article>\n<p><!--  \/.post --><br \/>\n<!--  \/.post-item --><br \/>\n<!--  \/.col-md-4 --><br \/>\n<!--  \/.row --><\/p>","protected":false},"excerpt":{"rendered":"<p>BLOG \u00daltimas Not\u00edcias e Novidades jan 8, 2019 IEEEI \u2013 Interc\u00e2mbio Intercultural Educacional e Esportivo I\u00ea Capoeira, Eventos jan 8, 2019 Baiana e \u201cpaulista-alem\u00e3o\u201d s\u00e3o campe\u00f5es do Red Bull Paranau\u00ea 2018 Geral, Not\u00edcias jan 8, 2019 \u201cENTREVISTA COM CAF\u00c9\u201d Gugu Quilombola Geral<\/p>","protected":false},"author":5,"featured_media":0,"parent":0,"menu_order":0,"comment_status":"closed","ping_status":"closed","template":"","meta":{"_joinchat":[],"footnotes":""},"class_list":["post-59","page","type-page","status-publish","hentry"],"blocksy_meta":{"styles_descriptor":{"styles":{"desktop":"","tablet":"","mobile":""},"google_fonts":[],"version":6}},"_links":{"self":[{"href":"https:\/\/guguquilombola.com\/en\/wp-json\/wp\/v2\/pages\/59","targetHints":{"allow":["GET"]}}],"collection":[{"href":"https:\/\/guguquilombola.com\/en\/wp-json\/wp\/v2\/pages"}],"about":[{"href":"https:\/\/guguquilombola.com\/en\/wp-json\/wp\/v2\/types\/page"}],"author":[{"embeddable":true,"href":"https:\/\/guguquilombola.com\/en\/wp-json\/wp\/v2\/users\/5"}],"replies":[{"embeddable":true,"href":"https:\/\/guguquilombola.com\/en\/wp-json\/wp\/v2\/comments?post=59"}],"version-history":[{"count":0,"href":"https:\/\/guguquilombola.com\/en\/wp-json\/wp\/v2\/pages\/59\/revisions"}],"wp:attachment":[{"href":"https:\/\/guguquilombola.com\/en\/wp-json\/wp\/v2\/media?parent=59"}],"curies":[{"name":"wp","href":"https:\/\/api.w.org\/{rel}","templated":true}]}}